{"id":1714,"date":"2024-02-12T12:39:15","date_gmt":"2024-02-12T11:39:15","guid":{"rendered":"https:\/\/koral-hygiene.com\/?post_type=product&#038;p=1714"},"modified":"2024-02-12T12:51:07","modified_gmt":"2024-02-12T11:51:07","slug":"breeze-summer-air-freshner","status":"publish","type":"product","link":"https:\/\/koral-hygiene.com\/index.php\/product\/breeze-summer-air-freshner\/","title":{"rendered":"Breeze Summer Air Freshner"},"content":{"rendered":"<p><strong>500ml<\/strong> | 15 cop\u00eb paketimi<\/p>\n","protected":false},"excerpt":{"rendered":"<p><small><strong>ALB<\/strong> Aromatizuesi Koral ju dhuron arom\u00eb t\u00eb k\u00ebndshme dhe t\u00eb q\u00ebndrueshme n\u00eb dhom\u00ebn tuaj p\u00ebr nj\u00eb koh\u00eb t\u00eb gjat\u00eb. P\u00ebrjashton gjith\u00eb erat e pak\u00ebndshme dhe i z\u00ebvendeson me arom\u00ebn e k\u00ebndshme e cila \u00ebsht\u00eb afatgjate dhe ju b\u00ebn\u00eb t\u00eb ndiheni komod. P\u00ebrdoret pothuajse n\u00eb t\u00eb gjitha llojet e mjediseve, rrobave, p\u00eblhurave, vetura etj. <strong>KUJDES<\/strong> Mbajeni larg f\u00ebmij\u00ebve, mos e p\u00ebrdorni at\u00eb n\u00eb fytyr\u00eb ose n\u00eb sy. N\u00eb rast t\u00eb kontaktit me sy t\u00eb shp\u00ebrlahet menjeher\u00eb me uj\u00eb t\u00eb mjaftuesh\u00ebm.<\/small><\/p>\n<p><small><strong>ENG<\/strong> Koral Flavor gives you the scent of singing and lasting in your room for a long time. Exclude all unpleasant odors and replace them with pleasant aroma which is long lasting and made you feel comfortable. Used in almost all types of environment, clothes, fabrics, cars, etc. <strong>ATTENTION<\/strong> Keep away from children, do not use it on the face or eyes. In case of contact with eyes, rinse immediately with plenty of water.<\/small><\/p>\n","protected":false},"featured_media":1715,"template":"","meta":{"_themeisle_gutenberg_block_has_review":false},"product_cat":[94],"product_tag":[],"class_list":["post-1714","product","type-product","status-publish","has-post-thumbnail","hentry","product_cat-air-freshner"],"_links":{"self":[{"href":"https:\/\/koral-hygiene.com\/index.php\/wp-json\/wp\/v2\/product\/1714","targetHints":{"allow":["GET"]}}],"collection":[{"href":"https:\/\/koral-hygiene.com\/index.php\/wp-json\/wp\/v2\/product"}],"about":[{"href":"https:\/\/koral-hygiene.com\/index.php\/wp-json\/wp\/v2\/types\/product"}],"wp:featuredmedia":[{"embeddable":true,"href":"https:\/\/koral-hygiene.com\/index.php\/wp-json\/wp\/v2\/media\/1715"}],"wp:attachment":[{"href":"https:\/\/koral-hygiene.com\/index.php\/wp-json\/wp\/v2\/media?parent=1714"}],"wp:term":[{"taxonomy":"product_cat","embeddable":true,"href":"https:\/\/koral-hygiene.com\/index.php\/wp-json\/wp\/v2\/product_cat?post=1714"},{"taxonomy":"product_tag","embeddable":true,"href":"https:\/\/koral-hygiene.com\/index.php\/wp-json\/wp\/v2\/product_tag?post=1714"}],"curies":[{"name":"wp","href":"https:\/\/api.w.org\/{rel}","templated":true}]}}