{"id":1706,"date":"2024-02-12T12:23:56","date_gmt":"2024-02-12T11:23:56","guid":{"rendered":"https:\/\/koral-hygiene.com\/?post_type=product&#038;p=1706"},"modified":"2024-02-12T13:06:24","modified_gmt":"2024-02-12T12:06:24","slug":"detergjent-per-pllaka-lilac-4l","status":"publish","type":"product","link":"https:\/\/koral-hygiene.com\/index.php\/product\/detergjent-per-pllaka-lilac-4l\/","title":{"rendered":"Detergjent p\u00ebr pllaka Lilac 4L"},"content":{"rendered":"<p><strong>4L<\/strong> &#8211; 4 cop\u00eb paketimi<\/p>\n","protected":false},"excerpt":{"rendered":"<p><small><strong>P\u00ebrb\u00ebr\u00ebsit:<\/strong> &lt;5% l\u00ebnd\u00eb active kationike, uj\u00eb i dejonizuar, arom\u00eb dhe ngjyr\u00eb. KORAL \u00ebsht\u00eb pastures p\u00ebr keramika dhe aromatizues p\u00ebr sht\u00ebpin\u00eb tuaj. P\u00ebrdorimi: Shto 3-4 masa(kapak) pastrues Koral n\u00eb 5 Litra uj\u00eb. V\u00ebrejtje: N\u00eb rast kontakti me syrin, t\u00eb pastrohet me uj\u00eb, dhe menj\u00ebher\u00eb t\u00eb b\u00ebhet kontroll\u00eb nga mjeku.<\/small><\/p>\n<p><small><strong>Ingredients:<\/strong> &lt;5% cationic active ingredients, deionized water, fragrance and color. KORAL is a cleaner for ceramics and a fragrance for your home. Use: Add 3-4 measures (caps) of Coral cleaner to 5 liters of water. Note: In case of eye contact, wash with water, and immediately get checked by a doctor.<\/small><\/p>\n","protected":false},"featured_media":1707,"template":"","meta":{"_themeisle_gutenberg_block_has_review":false},"product_cat":[74],"product_tag":[],"class_list":["post-1706","product","type-product","status-publish","has-post-thumbnail","hentry","product_cat-floor-detergent"],"_links":{"self":[{"href":"https:\/\/koral-hygiene.com\/index.php\/wp-json\/wp\/v2\/product\/1706","targetHints":{"allow":["GET"]}}],"collection":[{"href":"https:\/\/koral-hygiene.com\/index.php\/wp-json\/wp\/v2\/product"}],"about":[{"href":"https:\/\/koral-hygiene.com\/index.php\/wp-json\/wp\/v2\/types\/product"}],"wp:featuredmedia":[{"embeddable":true,"href":"https:\/\/koral-hygiene.com\/index.php\/wp-json\/wp\/v2\/media\/1707"}],"wp:attachment":[{"href":"https:\/\/koral-hygiene.com\/index.php\/wp-json\/wp\/v2\/media?parent=1706"}],"wp:term":[{"taxonomy":"product_cat","embeddable":true,"href":"https:\/\/koral-hygiene.com\/index.php\/wp-json\/wp\/v2\/product_cat?post=1706"},{"taxonomy":"product_tag","embeddable":true,"href":"https:\/\/koral-hygiene.com\/index.php\/wp-json\/wp\/v2\/product_tag?post=1706"}],"curies":[{"name":"wp","href":"https:\/\/api.w.org\/{rel}","templated":true}]}}