{"id":1610,"date":"2022-12-09T16:33:13","date_gmt":"2022-12-09T15:33:13","guid":{"rendered":"https:\/\/koral-hygiene.com\/?post_type=product&#038;p=1610"},"modified":"2022-12-12T09:46:01","modified_gmt":"2022-12-12T08:46:01","slug":"sapun-i-lenget-per-duar-olive-koral","status":"publish","type":"product","link":"https:\/\/koral-hygiene.com\/index.php\/product\/sapun-i-lenget-per-duar-olive-koral\/","title":{"rendered":"Sapun i l\u00ebng\u00ebt p\u00ebr duar Olive Koral"},"content":{"rendered":"<p>750ml &#8211; 12 cop\u00eb paketimi<\/p>\n","protected":false},"excerpt":{"rendered":"<p>750ml &#8211; 12 cop\u00eb paketimi<\/p>\n","protected":false},"featured_media":1609,"template":"","meta":{"_themeisle_gutenberg_block_has_review":false},"product_cat":[88,72],"product_tag":[],"class_list":["post-1610","product","type-product","status-publish","has-post-thumbnail","hentry","product_cat-bathroom","product_cat-liquid-soap"],"_links":{"self":[{"href":"https:\/\/koral-hygiene.com\/index.php\/wp-json\/wp\/v2\/product\/1610","targetHints":{"allow":["GET"]}}],"collection":[{"href":"https:\/\/koral-hygiene.com\/index.php\/wp-json\/wp\/v2\/product"}],"about":[{"href":"https:\/\/koral-hygiene.com\/index.php\/wp-json\/wp\/v2\/types\/product"}],"wp:featuredmedia":[{"embeddable":true,"href":"https:\/\/koral-hygiene.com\/index.php\/wp-json\/wp\/v2\/media\/1609"}],"wp:attachment":[{"href":"https:\/\/koral-hygiene.com\/index.php\/wp-json\/wp\/v2\/media?parent=1610"}],"wp:term":[{"taxonomy":"product_cat","embeddable":true,"href":"https:\/\/koral-hygiene.com\/index.php\/wp-json\/wp\/v2\/product_cat?post=1610"},{"taxonomy":"product_tag","embeddable":true,"href":"https:\/\/koral-hygiene.com\/index.php\/wp-json\/wp\/v2\/product_tag?post=1610"}],"curies":[{"name":"wp","href":"https:\/\/api.w.org\/{rel}","templated":true}]}}