{"id":1604,"date":"2022-12-09T16:26:41","date_gmt":"2022-12-09T15:26:41","guid":{"rendered":"https:\/\/koral-hygiene.com\/?post_type=product&#038;p=1604"},"modified":"2022-12-12T09:46:15","modified_gmt":"2022-12-12T08:46:15","slug":"sapun-i-lenget-per-duar-kokos-koral","status":"publish","type":"product","link":"https:\/\/koral-hygiene.com\/index.php\/product\/sapun-i-lenget-per-duar-kokos-koral\/","title":{"rendered":"Sapun i l\u00ebng\u00ebt p\u00ebr duar Kokos Koral"},"content":{"rendered":"<p>750ml &#8211; 12 cop\u00eb paketimi<\/p>\n","protected":false},"excerpt":{"rendered":"<p>750ml &#8211; 12 cop\u00eb paketimi<\/p>\n","protected":false},"featured_media":1605,"template":"","meta":{"_themeisle_gutenberg_block_has_review":false},"product_cat":[88,72],"product_tag":[],"class_list":["post-1604","product","type-product","status-publish","has-post-thumbnail","hentry","product_cat-bathroom","product_cat-liquid-soap"],"_links":{"self":[{"href":"https:\/\/koral-hygiene.com\/index.php\/wp-json\/wp\/v2\/product\/1604","targetHints":{"allow":["GET"]}}],"collection":[{"href":"https:\/\/koral-hygiene.com\/index.php\/wp-json\/wp\/v2\/product"}],"about":[{"href":"https:\/\/koral-hygiene.com\/index.php\/wp-json\/wp\/v2\/types\/product"}],"wp:featuredmedia":[{"embeddable":true,"href":"https:\/\/koral-hygiene.com\/index.php\/wp-json\/wp\/v2\/media\/1605"}],"wp:attachment":[{"href":"https:\/\/koral-hygiene.com\/index.php\/wp-json\/wp\/v2\/media?parent=1604"}],"wp:term":[{"taxonomy":"product_cat","embeddable":true,"href":"https:\/\/koral-hygiene.com\/index.php\/wp-json\/wp\/v2\/product_cat?post=1604"},{"taxonomy":"product_tag","embeddable":true,"href":"https:\/\/koral-hygiene.com\/index.php\/wp-json\/wp\/v2\/product_tag?post=1604"}],"curies":[{"name":"wp","href":"https:\/\/api.w.org\/{rel}","templated":true}]}}