{"id":1587,"date":"2022-12-09T16:08:34","date_gmt":"2022-12-09T15:08:34","guid":{"rendered":"https:\/\/koral-hygiene.com\/?post_type=product&#038;p=1587"},"modified":"2022-12-12T09:49:27","modified_gmt":"2022-12-12T08:49:27","slug":"shampon-per-ene-lemon-profix","status":"publish","type":"product","link":"https:\/\/koral-hygiene.com\/index.php\/product\/shampon-per-ene-lemon-profix\/","title":{"rendered":"Shampon p\u00ebr en\u00eb Lemon Profix"},"content":{"rendered":"<p>1l &#8211; 12 cop\u00eb paketimi<\/p>\n<p>3l &#8211; 6 cop\u00eb paketimi<\/p>\n","protected":false},"excerpt":{"rendered":"<p>1l &#8211; 12 cop\u00eb paketimi 3l &#8211; 6 cop\u00eb paketimi<\/p>\n","protected":false},"featured_media":1590,"template":"","meta":{"_themeisle_gutenberg_block_has_review":false},"product_cat":[71,84],"product_tag":[],"class_list":["post-1587","product","type-product","status-publish","has-post-thumbnail","hentry","product_cat-dish-detergent","product_cat-kitchen"],"_links":{"self":[{"href":"https:\/\/koral-hygiene.com\/index.php\/wp-json\/wp\/v2\/product\/1587","targetHints":{"allow":["GET"]}}],"collection":[{"href":"https:\/\/koral-hygiene.com\/index.php\/wp-json\/wp\/v2\/product"}],"about":[{"href":"https:\/\/koral-hygiene.com\/index.php\/wp-json\/wp\/v2\/types\/product"}],"wp:featuredmedia":[{"embeddable":true,"href":"https:\/\/koral-hygiene.com\/index.php\/wp-json\/wp\/v2\/media\/1590"}],"wp:attachment":[{"href":"https:\/\/koral-hygiene.com\/index.php\/wp-json\/wp\/v2\/media?parent=1587"}],"wp:term":[{"taxonomy":"product_cat","embeddable":true,"href":"https:\/\/koral-hygiene.com\/index.php\/wp-json\/wp\/v2\/product_cat?post=1587"},{"taxonomy":"product_tag","embeddable":true,"href":"https:\/\/koral-hygiene.com\/index.php\/wp-json\/wp\/v2\/product_tag?post=1587"}],"curies":[{"name":"wp","href":"https:\/\/api.w.org\/{rel}","templated":true}]}}