{"id":1582,"date":"2022-12-09T15:59:07","date_gmt":"2022-12-09T14:59:07","guid":{"rendered":"https:\/\/koral-hygiene.com\/?post_type=product&#038;p=1582"},"modified":"2024-02-12T13:12:38","modified_gmt":"2024-02-12T12:12:38","slug":"detergjent-per-ene-molle-koral","status":"publish","type":"product","link":"https:\/\/koral-hygiene.com\/index.php\/product\/detergjent-per-ene-molle-koral\/","title":{"rendered":"Detergjent p\u00ebr en\u00eb Moll\u00eb Koral"},"content":{"rendered":"<p>450ml dhe 900ml | 12 cop\u00eb paketimi<\/p>\n","protected":false},"excerpt":{"rendered":"<p>450ml dhe 900ml | 12 cop\u00eb paketimi<\/p>\n","protected":false},"featured_media":1728,"template":"","meta":{"_themeisle_gutenberg_block_has_review":false},"product_cat":[71,84],"product_tag":[],"class_list":["post-1582","product","type-product","status-publish","has-post-thumbnail","hentry","product_cat-dish-detergent","product_cat-kitchen"],"_links":{"self":[{"href":"https:\/\/koral-hygiene.com\/index.php\/wp-json\/wp\/v2\/product\/1582","targetHints":{"allow":["GET"]}}],"collection":[{"href":"https:\/\/koral-hygiene.com\/index.php\/wp-json\/wp\/v2\/product"}],"about":[{"href":"https:\/\/koral-hygiene.com\/index.php\/wp-json\/wp\/v2\/types\/product"}],"wp:featuredmedia":[{"embeddable":true,"href":"https:\/\/koral-hygiene.com\/index.php\/wp-json\/wp\/v2\/media\/1728"}],"wp:attachment":[{"href":"https:\/\/koral-hygiene.com\/index.php\/wp-json\/wp\/v2\/media?parent=1582"}],"wp:term":[{"taxonomy":"product_cat","embeddable":true,"href":"https:\/\/koral-hygiene.com\/index.php\/wp-json\/wp\/v2\/product_cat?post=1582"},{"taxonomy":"product_tag","embeddable":true,"href":"https:\/\/koral-hygiene.com\/index.php\/wp-json\/wp\/v2\/product_tag?post=1582"}],"curies":[{"name":"wp","href":"https:\/\/api.w.org\/{rel}","templated":true}]}}