{"id":1577,"date":"2022-12-09T15:56:17","date_gmt":"2022-12-09T14:56:17","guid":{"rendered":"https:\/\/koral-hygiene.com\/?post_type=product&#038;p=1577"},"modified":"2024-02-12T13:12:56","modified_gmt":"2024-02-12T12:12:56","slug":"detergjent-per-ene-shege-koral","status":"publish","type":"product","link":"https:\/\/koral-hygiene.com\/index.php\/product\/detergjent-per-ene-shege-koral\/","title":{"rendered":"Detergjent p\u00ebr en\u00eb Sheg\u00eb Koral"},"content":{"rendered":"<p>450ml dhe 900ml | 12 cop\u00eb paketimi<\/p>\n","protected":false},"excerpt":{"rendered":"<p>450ml dhe 900ml | 12 cop\u00eb paketimi<\/p>\n","protected":false},"featured_media":1730,"template":"","meta":{"_themeisle_gutenberg_block_has_review":false},"product_cat":[71,84],"product_tag":[],"class_list":["post-1577","product","type-product","status-publish","has-post-thumbnail","hentry","product_cat-dish-detergent","product_cat-kitchen"],"_links":{"self":[{"href":"https:\/\/koral-hygiene.com\/index.php\/wp-json\/wp\/v2\/product\/1577","targetHints":{"allow":["GET"]}}],"collection":[{"href":"https:\/\/koral-hygiene.com\/index.php\/wp-json\/wp\/v2\/product"}],"about":[{"href":"https:\/\/koral-hygiene.com\/index.php\/wp-json\/wp\/v2\/types\/product"}],"wp:featuredmedia":[{"embeddable":true,"href":"https:\/\/koral-hygiene.com\/index.php\/wp-json\/wp\/v2\/media\/1730"}],"wp:attachment":[{"href":"https:\/\/koral-hygiene.com\/index.php\/wp-json\/wp\/v2\/media?parent=1577"}],"wp:term":[{"taxonomy":"product_cat","embeddable":true,"href":"https:\/\/koral-hygiene.com\/index.php\/wp-json\/wp\/v2\/product_cat?post=1577"},{"taxonomy":"product_tag","embeddable":true,"href":"https:\/\/koral-hygiene.com\/index.php\/wp-json\/wp\/v2\/product_tag?post=1577"}],"curies":[{"name":"wp","href":"https:\/\/api.w.org\/{rel}","templated":true}]}}