{"id":33,"date":"2018-01-09T09:37:02","date_gmt":"2018-01-09T08:37:02","guid":{"rendered":"https:\/\/koral-hygiene.com\/?page_id=33"},"modified":"2022-12-15T13:23:39","modified_gmt":"2022-12-15T12:23:39","slug":"about-1","status":"publish","type":"page","link":"https:\/\/koral-hygiene.com\/index.php\/about-1\/","title":{"rendered":"Rreth Ne"},"content":{"rendered":"<p>[vc_row full_width=&#8221;stretch_row&#8221; hide_bg_image_on_tablet=&#8221;&#8221; hide_bg_image_on_mobile=&#8221;&#8221; css=&#8221;.vc_custom_1533554215009{background-image: url(https:\/\/koral-hygiene.com\/wp-content\/uploads\/2018\/08\/pattent-white-top.png?id=1159) !important;background-position: bottom left !important;background-repeat: no-repeat !important;}&#8221; el_class=&#8221;z-index&#8221;][vc_column icons_position=&#8221;left&#8221;][vc_empty_space height=&#8221;113px&#8221; alter_height=&#8221;none&#8221; hide_on_desktop=&#8221;&#8221; hide_on_notebook=&#8221;1&#8243; hide_on_tablet=&#8221;1&#8243; hide_on_mobile=&#8221;1&#8243;][vc_empty_space height=&#8221;70px&#8221; alter_height=&#8221;none&#8221; hide_on_desktop=&#8221;1&#8243; hide_on_notebook=&#8221;&#8221; hide_on_tablet=&#8221;&#8221; hide_on_mobile=&#8221;&#8221;]<div  id=\"sc_promo_537235346\" \r\n\tclass=\"sc_promo sc_promo_default sc_promo_size_normal sc_promo_no_paddings sc_promo_image_position_right\"><div class=\"sc_promo_image\" style=\"background-image:url(https:\/\/koral-hygiene.com\/wp-content\/uploads\/2018\/01\/image-10-copyright.jpg);width:40%;right: 0;\"><\/div><!-- \/.sc_promo_image --><div class=\"sc_promo_text\" style=\"width: 60%;float: left;\">\r\n\t\t\t<div class=\"sc_promo_text_inner trx_addons_inline_430635642\"><h2 class=\"sc_item_title sc_promo_title sc_align_left sc_item_title_style_default sc_item_title_tag\">Pastro me dashuri!<\/h2><h6 class=\"sc_item_subtitle sc_promo_subtitle sc_align_left sc_item_title_style_default\">P\u00ebr ne<\/h6><div class=\"sc_item_descr sc_promo_descr sc_align_left\"><p>Koral Hygiene \u00ebsht\u00eb kompani kosovare q\u00eb ka sjellur n\u00eb tregun e Kosov\u00ebs gam\u00ebn e plot\u00eb t\u00eb produkteve higjenike t\u00eb patentuara dhe t\u00eb p\u00ebrdorshme p\u00ebr \u00e7do individ e poashtu edhe p\u00ebr p\u00ebrdorim industrial.T\u00eb gjitha produktet jan\u00eb t\u00eb kualitetit m\u00eb t\u00eb lart\u00eb dhe t\u00eb patentuara si eko miq\u00ebsore(eco-friendly).<br \/>\nKjo gam\u00eb e gjer\u00eb e produkteve \u00ebsht\u00eb e p\u00ebrb\u00ebr\u00eb nga produkte t\u00eb p\u00ebrdorshme p\u00ebr:<br \/>\nHigjien\u00eb personale (shampot likuide p\u00ebr shp\u00ebrlarjen e duarve)<br \/>\nProduktet p\u00ebr veshmbathje (zbut\u00ebsit e rrobave)<br \/>\nHigjien\u00ebn dhe mir\u00ebmbajtjen e ambienteve (parketit, laminatit, dyshemes\u00eb, pllakave)<br \/>\nShampot industriale p\u00ebr shp\u00ebrlarjen e makinave<br \/>\nProdukte antibakteriale 99.9% p\u00ebr pastrimin e ambienteve sht\u00ebpiake<\/p>\n<p>T\u00eb orientuar p\u00ebr prodhimin e produkteve t\u00eb higjien\u00ebs t\u00eb kualitetit m\u00eb t\u00eb lart\u00eb, Koral Hygiene e p\u00ebrb\u00ebr\u00eb nga stafi profesional ka si vizion primar q\u00eb t\u00eb ket\u00eb gam\u00eb t\u00eb produkteve ta zgjeroj\u00eb tutje me produkte inovative n\u00eb fush\u00ebn e higjien\u00ebs.<\/p>\n<\/div><div class=\"sc_item_button sc_button_wrap sc_align_left\"><a href=\"https:\/\/koral-hygiene.com\/index.php\/products\/\" id=\"sc_button_537858535\" class=\"sc_button sc_button_default sc_item_button sc_item_button_default sc_promo_button sc_button_size_normal sc_button_icon_left\"><span class=\"sc_button_text\"><span class=\"sc_button_title\">Produktet tona<\/span><\/span><!-- \/.sc_button_text --><\/a><!-- \/.sc_button --><\/div><!-- \/.sc_item_button --><\/div>\r\n\t\t<\/div><!-- \/.sc_promo_text --><\/div><!-- \/.sc_promo -->[vc_empty_space height=&#8221;6.5em&#8221; alter_height=&#8221;none&#8221; hide_on_desktop=&#8221;&#8221; hide_on_notebook=&#8221;&#8221; hide_on_tablet=&#8221;&#8221; hide_on_mobile=&#8221;&#8221;][\/vc_column][\/vc_row][vc_row row_delimiter=&#8221;&#8221; hide_on_desktop=&#8221;1&#8243; hide_on_notebook=&#8221;1&#8243; hide_on_tablet=&#8221;&#8221; hide_on_mobile=&#8221;&#8221; hide_on_frontpage=&#8221;&#8221;][vc_column width=&#8221;1\/2&#8243; icons_position=&#8221;left&#8221;]<div  id=\"sc_action_193868169\" \n\tclass=\"sc_action sc_action_simple\"><div class=\"sc_action_content sc_item_content\"><div class=\"sc_action_item sc_action_item_simple with_image with_bg_color sc_action_item_ml\" style=\"background-color:#47a15d;\">\n\t\t\t<div class=\"sc_action_item_inner\"><h3 class=\"sc_action_item_title\"><span>Health &amp; Diet  recipes<\/span><\/h3><a href=\"\/\/koral-hygiene.com\/classic-2\/\" class=\"sc_action_item_link sc_button sc_button_size_default color_style_link3\">visit blog<\/a><\/div><!-- \/.sc_action_item_inner --><\/div><\/div><\/div><!-- \/.sc_action -->[\/vc_column][vc_column width=&#8221;1\/2&#8243; icons_position=&#8221;left&#8221;][vc_empty_space alter_height=&#8221;none&#8221; hide_on_desktop=&#8221;1&#8243; hide_on_notebook=&#8221;1&#8243; hide_on_tablet=&#8221;1&#8243; hide_on_mobile=&#8221;&#8221;]<div  id=\"sc_action_1171539254\" \n\tclass=\"sc_action sc_action_simple\"><div class=\"sc_action_content sc_item_content\"><div class=\"sc_action_item sc_action_item_simple with_image with_bg_color sc_action_item_mr\" style=\"background-color:#ffd655;\">\n\t\t\t<div class=\"sc_action_item_inner\"><h3 class=\"sc_action_item_title\"><span>Order farm diary products<\/span><\/h3><a href=\"\/\/koral-hygiene.com\/shop\/\" class=\"sc_action_item_link sc_button sc_button_size_default color_style_link3\">order online<\/a><\/div><!-- \/.sc_action_item_inner --><\/div><\/div><\/div><!-- \/.sc_action -->[\/vc_column][\/vc_row][vc_row full_width=&#8221;stretch_row_content_no_spaces&#8221;][vc_column icons_position=&#8221;left&#8221;]<div id=\"sc_googlemap_629094565_wrap\" class=\"sc_googlemap_wrap\"><div id=\"sc_googlemap_629094565\"\r\n\t\t\tclass=\"sc_googlemap sc_googlemap_default trx_addons_inline_1219686101\"\r\n\t\t\t\t\t\tdata-zoom=\"14\"\r\n\t\t\tdata-center=\"\"\r\n\t\t\tdata-style=\"extra\"\r\n\t\t\tdata-cluster-icon=\"\"\r\n        ><iframe\r\n                    src=\"https:\/\/maps.google.com\/maps?t=m&output=embed&iwloc=near&z=14&q=42.631183,21.084928\"\r\n                    scrolling=\"no\"\r\n                    marginheight=\"0\"\r\n                    marginwidth=\"0\"\r\n                    frameborder=\"0\"\r\n                    aria-label=\"One\"><\/iframe><\/div><\/div><!-- \/.sc_googlemap_wrap -->[\/vc_column][\/vc_row]<\/p>\n","protected":false},"excerpt":{"rendered":"<p>[vc_row full_width=&#8221;stretch_row&#8221; hide_bg_image_on_tablet=&#8221;&#8221; hide_bg_image_on_mobile=&#8221;&#8221; css=&#8221;.vc_custom_1533554215009{background-image: url(https:\/\/koral-hygiene.com\/wp-content\/uploads\/2018\/08\/pattent-white-top.png?id=1159) !important;background-position: bottom left !important;background-repeat: no-repeat !important;}&#8221; el_class=&#8221;z-index&#8221;][vc_column icons_position=&#8221;left&#8221;][vc_empty_space height=&#8221;113px&#8221; alter_height=&#8221;none&#8221; hide_on_desktop=&#8221;&#8221; hide_on_notebook=&#8221;1&#8243; hide_on_tablet=&#8221;1&#8243; hide_on_mobile=&#8221;1&#8243;][vc_empty_space&hellip;<\/p>\n","protected":false},"author":2,"featured_media":0,"parent":0,"menu_order":0,"comment_status":"closed","ping_status":"closed","template":"","meta":{"_themeisle_gutenberg_block_has_review":false,"footnotes":""},"class_list":["post-33","page","type-page","status-publish","hentry"],"_links":{"self":[{"href":"https:\/\/koral-hygiene.com\/index.php\/wp-json\/wp\/v2\/pages\/33","targetHints":{"allow":["GET"]}}],"collection":[{"href":"https:\/\/koral-hygiene.com\/index.php\/wp-json\/wp\/v2\/pages"}],"about":[{"href":"https:\/\/koral-hygiene.com\/index.php\/wp-json\/wp\/v2\/types\/page"}],"author":[{"embeddable":true,"href":"https:\/\/koral-hygiene.com\/index.php\/wp-json\/wp\/v2\/users\/2"}],"replies":[{"embeddable":true,"href":"https:\/\/koral-hygiene.com\/index.php\/wp-json\/wp\/v2\/comments?post=33"}],"version-history":[{"count":7,"href":"https:\/\/koral-hygiene.com\/index.php\/wp-json\/wp\/v2\/pages\/33\/revisions"}],"predecessor-version":[{"id":1695,"href":"https:\/\/koral-hygiene.com\/index.php\/wp-json\/wp\/v2\/pages\/33\/revisions\/1695"}],"wp:attachment":[{"href":"https:\/\/koral-hygiene.com\/index.php\/wp-json\/wp\/v2\/media?parent=33"}],"curies":[{"name":"wp","href":"https:\/\/api.w.org\/{rel}","templated":true}]}}